{"id":1583,"date":"2021-07-27T15:05:56","date_gmt":"2021-07-27T13:05:56","guid":{"rendered":"https:\/\/shokamia.com\/?page_id=1583"},"modified":"2022-01-03T14:27:27","modified_gmt":"2022-01-03T13:27:27","slug":"magnum-cake-sucettes-en-chocolat-cannes","status":"publish","type":"page","link":"https:\/\/shokamia.com\/index.php\/magnum-cake-sucettes-en-chocolat-cannes\/","title":{"rendered":"Heart cake"},"content":{"rendered":"\t\t<div data-elementor-type=\"wp-post\" data-elementor-id=\"1583\" class=\"elementor elementor-1583\" data-elementor-settings=\"[]\">\n\t\t\t\t\t\t\t<div class=\"elementor-section-wrap\">\n\t\t\t\t\t\t\t<section class=\"elementor-section elementor-top-section elementor-element elementor-element-ba36978 elementor-section-boxed elementor-section-height-default elementor-section-height-default\" data-id=\"ba36978\" data-element_type=\"section\">\n\t\t\t\t\t\t<div class=\"elementor-container elementor-column-gap-default\">\n\t\t\t\t\t<div class=\"elementor-column elementor-col-100 elementor-top-column elementor-element elementor-element-e566c09\" data-id=\"e566c09\" data-element_type=\"column\">\n\t\t\t<div class=\"elementor-widget-wrap elementor-element-populated\">\n\t\t\t\t\t\t\t\t<div class=\"elementor-element elementor-element-b16acfd elementor-widget elementor-widget-spacer\" data-id=\"b16acfd\" data-element_type=\"widget\" data-widget_type=\"spacer.default\">\n\t\t\t\t<div class=\"elementor-widget-container\">\n\t\t\t\t\t<div class=\"elementor-spacer\">\n\t\t\t<div class=\"elementor-spacer-inner\"><\/div>\n\t\t<\/div>\n\t\t\t\t<\/div>\n\t\t\t\t<\/div>\n\t\t\t\t\t<\/div>\n\t\t<\/div>\n\t\t\t\t\t\t\t<\/div>\n\t\t<\/section>\n\t\t\t\t<section class=\"elementor-section elementor-top-section elementor-element elementor-element-caa47fa elementor-section-content-middle elementor-section-boxed elementor-section-height-default elementor-section-height-default\" data-id=\"caa47fa\" data-element_type=\"section\" data-settings=\"{&quot;background_background&quot;:&quot;classic&quot;}\">\n\t\t\t\t\t\t\t<div class=\"elementor-background-overlay\"><\/div>\n\t\t\t\t\t\t\t<div class=\"elementor-container elementor-column-gap-no\">\n\t\t\t\t\t<div class=\"elementor-column elementor-col-100 elementor-top-column elementor-element elementor-element-f3fcebd\" data-id=\"f3fcebd\" data-element_type=\"column\">\n\t\t\t<div class=\"elementor-widget-wrap\">\n\t\t\t\t\t\t\t\t\t<\/div>\n\t\t<\/div>\n\t\t\t\t\t\t\t<\/div>\n\t\t<\/section>\n\t\t\t\t<section class=\"elementor-section elementor-top-section elementor-element elementor-element-d75abf5 elementor-section-boxed elementor-section-height-default elementor-section-height-default\" data-id=\"d75abf5\" data-element_type=\"section\">\n\t\t\t\t\t\t<div class=\"elementor-container elementor-column-gap-default\">\n\t\t\t\t\t<div class=\"elementor-column elementor-col-100 elementor-top-column elementor-element elementor-element-d841719\" data-id=\"d841719\" data-element_type=\"column\">\n\t\t\t<div class=\"elementor-widget-wrap elementor-element-populated\">\n\t\t\t\t\t\t\t\t<div class=\"elementor-element elementor-element-34f3c27 elementor-widget elementor-widget-text-editor\" data-id=\"34f3c27\" data-element_type=\"widget\" data-widget_type=\"text-editor.default\">\n\t\t\t\t<div class=\"elementor-widget-container\">\n\t\t\t\t\t\t\t\t\t\t\t\t\t<\/div>\n\t\t\t\t<\/div>\n\t\t\t\t<div class=\"elementor-element elementor-element-05c95a1 elementor-widget elementor-widget-heading\" data-id=\"05c95a1\" data-element_type=\"widget\" data-widget_type=\"heading.default\">\n\t\t\t\t<div class=\"elementor-widget-container\">\n\t\t\t<h2 class=\"elementor-heading-title elementor-size-medium\">De delicieux petits g\u00e2teaux nature ou chocolat , enrob\u00e9s de chocolat, \u00e0 manger sur le pouce !\nParfait pour vos \u00e9v\u00e8nements : anniversaire, c\u00e9l\u00e9bration, mariage, fian\u00e7ailles, bapt\u00e8me...\nD\u00e9cor\u00e9s selon votre th\u00e8me et vos envies, ils sont indispensables pour un buffet sucr\u00e9 r\u00e9ussi !\n<\/h2>\t\t<\/div>\n\t\t\t\t<\/div>\n\t\t\t\t\t<\/div>\n\t\t<\/div>\n\t\t\t\t\t\t\t<\/div>\n\t\t<\/section>\n\t\t\t\t<section class=\"elementor-section elementor-top-section elementor-element elementor-element-5e2ac01 elementor-section-boxed elementor-section-height-default elementor-section-height-default\" data-id=\"5e2ac01\" data-element_type=\"section\">\n\t\t\t\t\t\t<div class=\"elementor-container elementor-column-gap-default\">\n\t\t\t\t\t<div class=\"elementor-column elementor-col-33 elementor-top-column elementor-element elementor-element-dabf8c2\" data-id=\"dabf8c2\" data-element_type=\"column\">\n\t\t\t<div class=\"elementor-widget-wrap elementor-element-populated\">\n\t\t\t\t\t\t\t\t<div class=\"elementor-element elementor-element-ecd7ac4 elementor-widget elementor-widget-image\" data-id=\"ecd7ac4\" data-element_type=\"widget\" data-widget_type=\"image.default\">\n\t\t\t\t<div class=\"elementor-widget-container\">\n\t\t\t\t\t\t\t\t\t\t\t\t\t\t\t<img src=\"https:\/\/shokamia.com\/wp-content\/uploads\/elementor\/thumbs\/fullsizeoutput_1e3d-scaled-pd1nfc5sxsh3fde3frwv849m8mcj9m3ptw2om33ckw.jpeg\" title=\"fullsizeoutput_1e3d\" alt=\"fullsizeoutput_1e3d\" \/>\t\t\t\t\t\t\t\t\t\t\t\t\t\t\t<\/div>\n\t\t\t\t<\/div>\n\t\t\t\t<div class=\"elementor-element elementor-element-11907c5 elementor-widget elementor-widget-text-editor\" data-id=\"11907c5\" data-element_type=\"widget\" data-widget_type=\"text-editor.default\">\n\t\t\t\t<div class=\"elementor-widget-container\">\n\t\t\t\t\t\t\t<p>HEART CAKE<\/p><p>Nos g\u00e2teaux en forme de coeur : nature vanill\u00e9 ou chocolat se d\u00e9gustent facilement gr\u00e2ce \u00e0 leur b\u00e2tonnet.\u00a0<br \/>Ils sont personnalisables : chocolat, go\u00fbt, couleur, d\u00e9corations&#8230;<\/p><p>Minimum de commande : 6 pi\u00e8ces.<\/p>\t\t\t\t\t\t<\/div>\n\t\t\t\t<\/div>\n\t\t\t\t<div class=\"elementor-element elementor-element-8efa6eb elementor-align-center elementor-widget elementor-widget-button\" data-id=\"8efa6eb\" data-element_type=\"widget\" data-widget_type=\"button.default\">\n\t\t\t\t<div class=\"elementor-widget-container\">\n\t\t\t\t\t<div class=\"elementor-button-wrapper\">\n\t\t\t<a href=\"#\" class=\"elementor-button-link elementor-button elementor-size-sm\" role=\"button\">\n\t\t\t\t\t\t<span class=\"elementor-button-content-wrapper\">\n\t\t\t\t\t\t<span class=\"elementor-button-text\">4\u20ac \/ pi\u00e8ce<\/span>\n\t\t<\/span>\n\t\t\t\t\t<\/a>\n\t\t<\/div>\n\t\t\t\t<\/div>\n\t\t\t\t<\/div>\n\t\t\t\t\t<\/div>\n\t\t<\/div>\n\t\t\t\t<div class=\"elementor-column elementor-col-33 elementor-top-column elementor-element elementor-element-da0724b\" data-id=\"da0724b\" data-element_type=\"column\">\n\t\t\t<div class=\"elementor-widget-wrap elementor-element-populated\">\n\t\t\t\t\t\t\t\t<div class=\"elementor-element elementor-element-41bcdf7 elementor-widget elementor-widget-image\" data-id=\"41bcdf7\" data-element_type=\"widget\" data-widget_type=\"image.default\">\n\t\t\t\t<div class=\"elementor-widget-container\">\n\t\t\t\t\t\t\t\t\t\t\t\t\t\t\t<img src=\"https:\/\/shokamia.com\/wp-content\/uploads\/elementor\/thumbs\/fullsizeoutput_1e34-scaled-pd1nikpsh8wnf0osj6altaurwee1s2yflwyw4eaj5c.jpeg\" title=\"fullsizeoutput_1e34\" alt=\"fullsizeoutput_1e34\" \/>\t\t\t\t\t\t\t\t\t\t\t\t\t\t\t<\/div>\n\t\t\t\t<\/div>\n\t\t\t\t<div class=\"elementor-element elementor-element-c756dcd elementor-widget elementor-widget-text-editor\" data-id=\"c756dcd\" data-element_type=\"widget\" data-widget_type=\"text-editor.default\">\n\t\t\t\t<div class=\"elementor-widget-container\">\n\t\t\t\t\t\t\t<p>MAGNUM CAKE<\/p>\n<p>De d\u00e9licieux mini magnums cakes, assortis \u00e0 votre th\u00e8me et fourr\u00e9s au g\u00e2teau nature ou au chocolat.&nbsp;<\/p><p>Un r\u00e9gal !<\/p>\n<p>Minimum de commande : 8 pi\u00e8ces<\/p>\t\t\t\t\t\t<\/div>\n\t\t\t\t<\/div>\n\t\t\t\t<div class=\"elementor-element elementor-element-75c22f0 elementor-align-center elementor-widget elementor-widget-button\" data-id=\"75c22f0\" data-element_type=\"widget\" data-widget_type=\"button.default\">\n\t\t\t\t<div class=\"elementor-widget-container\">\n\t\t\t\t\t<div class=\"elementor-button-wrapper\">\n\t\t\t<a href=\"#\" class=\"elementor-button-link elementor-button elementor-size-sm\" role=\"button\">\n\t\t\t\t\t\t<span class=\"elementor-button-content-wrapper\">\n\t\t\t\t\t\t<span class=\"elementor-button-text\">3\u20ac \/ PI\u00c8CE<\/span>\n\t\t<\/span>\n\t\t\t\t\t<\/a>\n\t\t<\/div>\n\t\t\t\t<\/div>\n\t\t\t\t<\/div>\n\t\t\t\t\t<\/div>\n\t\t<\/div>\n\t\t\t\t<div class=\"elementor-column elementor-col-33 elementor-top-column elementor-element elementor-element-14763c2\" data-id=\"14763c2\" data-element_type=\"column\">\n\t\t\t<div class=\"elementor-widget-wrap elementor-element-populated\">\n\t\t\t\t\t\t\t\t<div class=\"elementor-element elementor-element-8ef5ba4 elementor-widget elementor-widget-image\" data-id=\"8ef5ba4\" data-element_type=\"widget\" data-widget_type=\"image.default\">\n\t\t\t\t<div class=\"elementor-widget-container\">\n\t\t\t\t\t\t\t\t\t\t\t\t\t\t\t<img src=\"https:\/\/shokamia.com\/wp-content\/uploads\/elementor\/thumbs\/fullsizeoutput_1cf7-scaled-pb2tpap4hetugzjot0ws50k65vrwie05vdd6sl3n8w.jpeg\" title=\"mini coeurs 3D cannes\" alt=\"mini coeurs 3D cannes\" \/>\t\t\t\t\t\t\t\t\t\t\t\t\t\t\t<\/div>\n\t\t\t\t<\/div>\n\t\t\t\t<div class=\"elementor-element elementor-element-7a29773 elementor-widget elementor-widget-text-editor\" data-id=\"7a29773\" data-element_type=\"widget\" data-widget_type=\"text-editor.default\">\n\t\t\t\t<div class=\"elementor-widget-container\">\n\t\t\t\t\t\t\t<p>MINI COEURS 3D<br \/><br \/>De petits coeurs g\u00e9om\u00e9triques fourr\u00e9s \u00e0 la vanille ou au chocolat\u00a0 et d\u00e9cor\u00e9s selon vos envies !\u00a0<br \/><br \/>Minimum de commande : 8 pi\u00e8ces<\/p>\t\t\t\t\t\t<\/div>\n\t\t\t\t<\/div>\n\t\t\t\t<div class=\"elementor-element elementor-element-f682695 elementor-align-center elementor-widget elementor-widget-button\" data-id=\"f682695\" data-element_type=\"widget\" data-widget_type=\"button.default\">\n\t\t\t\t<div class=\"elementor-widget-container\">\n\t\t\t\t\t<div class=\"elementor-button-wrapper\">\n\t\t\t<a href=\"#\" class=\"elementor-button-link elementor-button elementor-size-sm\" role=\"button\">\n\t\t\t\t\t\t<span class=\"elementor-button-content-wrapper\">\n\t\t\t\t\t\t<span class=\"elementor-button-text\">3\u20ac \/ PI\u00c8CE<\/span>\n\t\t<\/span>\n\t\t\t\t\t<\/a>\n\t\t<\/div>\n\t\t\t\t<\/div>\n\t\t\t\t<\/div>\n\t\t\t\t\t<\/div>\n\t\t<\/div>\n\t\t\t\t\t\t\t<\/div>\n\t\t<\/section>\n\t\t\t\t<section class=\"elementor-section elementor-top-section elementor-element elementor-element-f1cac77 elementor-section-boxed elementor-section-height-default elementor-section-height-default\" data-id=\"f1cac77\" data-element_type=\"section\">\n\t\t\t\t\t\t<div class=\"elementor-container elementor-column-gap-no\">\n\t\t\t\t\t<div class=\"elementor-column elementor-col-33 elementor-top-column elementor-element elementor-element-432bd22\" data-id=\"432bd22\" data-element_type=\"column\">\n\t\t\t<div class=\"elementor-widget-wrap elementor-element-populated\">\n\t\t\t\t\t\t\t\t<div class=\"elementor-element elementor-element-e642cca elementor-widget elementor-widget-heading\" data-id=\"e642cca\" data-element_type=\"widget\" data-widget_type=\"heading.default\">\n\t\t\t\t<div class=\"elementor-widget-container\">\n\t\t\t<h3 class=\"elementor-heading-title elementor-size-default\">Comment passer commande ?<\/h3>\t\t<\/div>\n\t\t\t\t<\/div>\n\t\t\t\t<div class=\"elementor-element elementor-element-62f147e elementor-widget elementor-widget-image\" data-id=\"62f147e\" data-element_type=\"widget\" data-widget_type=\"image.default\">\n\t\t\t\t<div class=\"elementor-widget-container\">\n\t\t\t\t\t\t\t\t\t\t\t\t\t\t\t<img src=\"https:\/\/shokamia.com\/wp-content\/uploads\/elementor\/thumbs\/Capture-de\u0301cran-2022-01-03-a\u0300-14.21.40-pigz85iecvhf03sauv25138wckxdbfm5h7wia6u6ds.png\" title=\"image\" alt=\"image\" \/>\t\t\t\t\t\t\t\t\t\t\t\t\t\t\t<\/div>\n\t\t\t\t<\/div>\n\t\t\t\t\t<\/div>\n\t\t<\/div>\n\t\t\t\t<div class=\"elementor-column elementor-col-66 elementor-top-column elementor-element elementor-element-d19dbae\" data-id=\"d19dbae\" data-element_type=\"column\">\n\t\t\t<div class=\"elementor-widget-wrap elementor-element-populated\">\n\t\t\t\t\t\t\t\t<div class=\"elementor-element elementor-element-faf6c4d elementor-widget elementor-widget-text-editor\" data-id=\"faf6c4d\" data-element_type=\"widget\" data-widget_type=\"text-editor.default\">\n\t\t\t\t<div class=\"elementor-widget-container\">\n\t\t\t\t\t\t\t<p>Pour toutes commandes ou devis, contactez nous !<br \/>Nous prenons vos commandes par mail, message Instagram ou appel.<\/p><p>Les commandes sont \u00e0 retirer sur Cannes.<\/p><p>Service de livraison possible \u00e9galement sur Cannes \/ Mandelieu \/ Le cannet.<\/p><p>\u00a0<\/p><p>07 80 98 73 73<br \/>Hello@shokamia.com<\/p><p>\u00a0<\/p>\t\t\t\t\t\t<\/div>\n\t\t\t\t<\/div>\n\t\t\t\t\t<\/div>\n\t\t<\/div>\n\t\t\t\t\t\t\t<\/div>\n\t\t<\/section>\n\t\t\t\t<section class=\"elementor-section elementor-top-section elementor-element elementor-element-c56d766 elementor-section-boxed elementor-section-height-default elementor-section-height-default\" data-id=\"c56d766\" data-element_type=\"section\">\n\t\t\t\t\t\t<div class=\"elementor-container elementor-column-gap-default\">\n\t\t\t\t\t<div class=\"elementor-column elementor-col-100 elementor-top-column elementor-element elementor-element-71b6d71\" data-id=\"71b6d71\" data-element_type=\"column\">\n\t\t\t<div class=\"elementor-widget-wrap elementor-element-populated\">\n\t\t\t\t\t\t\t\t<div class=\"elementor-element elementor-element-cd449e3 elementor-view-default elementor-widget elementor-widget-icon\" data-id=\"cd449e3\" data-element_type=\"widget\" data-widget_type=\"icon.default\">\n\t\t\t\t<div class=\"elementor-widget-container\">\n\t\t\t\t\t<div class=\"elementor-icon-wrapper\">\n\t\t\t<div class=\"elementor-icon\">\n\t\t\t\t\t\t<\/div>\n\t\t<\/div>\n\t\t\t\t<\/div>\n\t\t\t\t<\/div>\n\t\t\t\t<div class=\"elementor-element elementor-element-6fcf8fb elementor-widget elementor-widget-testimonial\" data-id=\"6fcf8fb\" data-element_type=\"widget\" data-widget_type=\"testimonial.default\">\n\t\t\t\t<div class=\"elementor-widget-container\">\n\t\t\t\t\t<div class=\"elementor-testimonial-wrapper\">\n\t\t\t\t\t\t\t<div class=\"elementor-testimonial-content\">\" Ma soir\u00e9e d'anniversaire \u00e9tait vraiment une r\u00e9ussite ! gr\u00e2ce aux magnums cake et mini coeurs on s'est regal\u00e9es !! je recommande \"<\/div>\n\t\t\t\n\t\t\t\t\t\t<div class=\"elementor-testimonial-meta\">\n\t\t\t\t<div class=\"elementor-testimonial-meta-inner\">\n\t\t\t\t\t\n\t\t\t\t\t\t\t\t\t\t<div class=\"elementor-testimonial-details\">\n\t\t\t\t\t\t\t\t\t\t\t\t\t\t<div class=\"elementor-testimonial-name\">Johanna<\/div>\n\t\t\t\t\t\t\t\t\t\t\t\t\t\t\t\t\t\t\t\t\t\t<div class=\"elementor-testimonial-job\">Instagram<\/div>\n\t\t\t\t\t\t\t\t\t\t\t\t\t<\/div>\n\t\t\t\t\t\t\t\t\t<\/div>\n\t\t\t<\/div>\n\t\t\t\t\t<\/div>\n\t\t\t\t<\/div>\n\t\t\t\t<\/div>\n\t\t\t\t\t<\/div>\n\t\t<\/div>\n\t\t\t\t\t\t\t<\/div>\n\t\t<\/section>\n\t\t\t\t\t\t<\/div>\n\t\t\t\t\t<\/div>\n\t\t","protected":false},"excerpt":{"rendered":"<p>De delicieux petits g\u00e2teaux nature ou chocolat , enrob\u00e9s de chocolat, \u00e0 manger sur le pouce ! Parfait pour vos \u00e9v\u00e8nements : anniversaire, c\u00e9l\u00e9bration, mariage, fian\u00e7ailles, bapt\u00e8me&#8230; D\u00e9cor\u00e9s selon votre th\u00e8me et vos envies, ils sont indispensables pour un buffet sucr\u00e9 r\u00e9ussi ! HEART CAKE Nos g\u00e2teaux en forme de coeur : nature vanill\u00e9 ou &hellip;<\/p>\n<p class=\"read-more\"> <a class=\"\" href=\"https:\/\/shokamia.com\/index.php\/magnum-cake-sucettes-en-chocolat-cannes\/\"> <span class=\"screen-reader-text\">Heart cake<\/span> Read More &raquo;<\/a><\/p>\n","protected":false},"author":1,"featured_media":0,"parent":0,"menu_order":0,"comment_status":"closed","ping_status":"closed","template":"","meta":[],"yoast_head":"<!-- This site is optimized with the Yoast SEO plugin v17.0 - https:\/\/yoast.com\/wordpress\/plugins\/seo\/ -->\n<title>Heart cake - Shokamia<\/title>\n<meta name=\"description\" content=\"Pour vos buffets optez pour des magnums cake ou heart cake pour r\u00e9galer vos convives ! R\u00e9alis\u00e9s selon votre th\u00e8me et vos envies !\" \/>\n<meta name=\"robots\" content=\"index, follow, max-snippet:-1, max-image-preview:large, max-video-preview:-1\" \/>\n<link rel=\"canonical\" href=\"https:\/\/shokamia.com\/index.php\/magnum-cake-sucettes-en-chocolat-cannes\/\" \/>\n<meta property=\"og:locale\" content=\"en_US\" \/>\n<meta property=\"og:type\" content=\"article\" \/>\n<meta property=\"og:title\" content=\"Heart cake - Shokamia\" \/>\n<meta property=\"og:description\" content=\"Pour vos buffets optez pour des magnums cake ou heart cake pour r\u00e9galer vos convives ! R\u00e9alis\u00e9s selon votre th\u00e8me et vos envies !\" \/>\n<meta property=\"og:url\" content=\"https:\/\/shokamia.com\/index.php\/magnum-cake-sucettes-en-chocolat-cannes\/\" \/>\n<meta property=\"og:site_name\" content=\"Shokamia\" \/>\n<meta property=\"article:modified_time\" content=\"2022-01-03T13:27:27+00:00\" \/>\n<meta property=\"og:image\" content=\"https:\/\/shokamia.com\/wp-content\/uploads\/elementor\/thumbs\/fullsizeoutput_1e3d-scaled-pd1nfc5sxsh3fde3frwv849m8mcj9m3ptw2om33ckw.jpeg\" \/>\n<meta name=\"twitter:card\" content=\"summary_large_image\" \/>\n<meta name=\"twitter:label1\" content=\"Est. reading time\" \/>\n\t<meta name=\"twitter:data1\" content=\"2 minutes\" \/>\n<script type=\"application\/ld+json\" class=\"yoast-schema-graph\">{\"@context\":\"https:\/\/schema.org\",\"@graph\":[{\"@type\":\"WebSite\",\"@id\":\"https:\/\/shokamia.com\/#website\",\"url\":\"https:\/\/shokamia.com\/\",\"name\":\"Shokamia\",\"description\":\"Cannes\",\"potentialAction\":[{\"@type\":\"SearchAction\",\"target\":{\"@type\":\"EntryPoint\",\"urlTemplate\":\"https:\/\/shokamia.com\/?s={search_term_string}\"},\"query-input\":\"required name=search_term_string\"}],\"inLanguage\":\"en-US\"},{\"@type\":\"ImageObject\",\"@id\":\"https:\/\/shokamia.com\/index.php\/magnum-cake-sucettes-en-chocolat-cannes\/#primaryimage\",\"inLanguage\":\"en-US\",\"url\":\"https:\/\/shokamia.com\/wp-content\/uploads\/elementor\/thumbs\/fullsizeoutput_1e3d-scaled-pd1nfc5sxsh3fde3frwv849m8mcj9m3ptw2om33ckw.jpeg\",\"contentUrl\":\"https:\/\/shokamia.com\/wp-content\/uploads\/elementor\/thumbs\/fullsizeoutput_1e3d-scaled-pd1nfc5sxsh3fde3frwv849m8mcj9m3ptw2om33ckw.jpeg\"},{\"@type\":\"WebPage\",\"@id\":\"https:\/\/shokamia.com\/index.php\/magnum-cake-sucettes-en-chocolat-cannes\/#webpage\",\"url\":\"https:\/\/shokamia.com\/index.php\/magnum-cake-sucettes-en-chocolat-cannes\/\",\"name\":\"Heart cake - Shokamia\",\"isPartOf\":{\"@id\":\"https:\/\/shokamia.com\/#website\"},\"primaryImageOfPage\":{\"@id\":\"https:\/\/shokamia.com\/index.php\/magnum-cake-sucettes-en-chocolat-cannes\/#primaryimage\"},\"datePublished\":\"2021-07-27T13:05:56+00:00\",\"dateModified\":\"2022-01-03T13:27:27+00:00\",\"description\":\"Pour vos buffets optez pour des magnums cake ou heart cake pour r\\u00e9galer vos convives ! R\\u00e9alis\\u00e9s selon votre th\\u00e8me et vos envies !\",\"breadcrumb\":{\"@id\":\"https:\/\/shokamia.com\/index.php\/magnum-cake-sucettes-en-chocolat-cannes\/#breadcrumb\"},\"inLanguage\":\"en-US\",\"potentialAction\":[{\"@type\":\"ReadAction\",\"target\":[\"https:\/\/shokamia.com\/index.php\/magnum-cake-sucettes-en-chocolat-cannes\/\"]}]},{\"@type\":\"BreadcrumbList\",\"@id\":\"https:\/\/shokamia.com\/index.php\/magnum-cake-sucettes-en-chocolat-cannes\/#breadcrumb\",\"itemListElement\":[{\"@type\":\"ListItem\",\"position\":1,\"name\":\"Accueil\",\"item\":\"https:\/\/shokamia.com\/\"},{\"@type\":\"ListItem\",\"position\":2,\"name\":\"Heart cake\"}]}]}<\/script>\n<!-- \/ Yoast SEO plugin. -->","yoast_head_json":{"title":"Heart cake - Shokamia","description":"Pour vos buffets optez pour des magnums cake ou heart cake pour r\u00e9galer vos convives ! R\u00e9alis\u00e9s selon votre th\u00e8me et vos envies !","robots":{"index":"index","follow":"follow","max-snippet":"max-snippet:-1","max-image-preview":"max-image-preview:large","max-video-preview":"max-video-preview:-1"},"canonical":"https:\/\/shokamia.com\/index.php\/magnum-cake-sucettes-en-chocolat-cannes\/","og_locale":"en_US","og_type":"article","og_title":"Heart cake - Shokamia","og_description":"Pour vos buffets optez pour des magnums cake ou heart cake pour r\u00e9galer vos convives ! R\u00e9alis\u00e9s selon votre th\u00e8me et vos envies !","og_url":"https:\/\/shokamia.com\/index.php\/magnum-cake-sucettes-en-chocolat-cannes\/","og_site_name":"Shokamia","article_modified_time":"2022-01-03T13:27:27+00:00","og_image":[{"url":"https:\/\/shokamia.com\/wp-content\/uploads\/elementor\/thumbs\/fullsizeoutput_1e3d-scaled-pd1nfc5sxsh3fde3frwv849m8mcj9m3ptw2om33ckw.jpeg"}],"twitter_card":"summary_large_image","twitter_misc":{"Est. reading time":"2 minutes"},"schema":{"@context":"https:\/\/schema.org","@graph":[{"@type":"WebSite","@id":"https:\/\/shokamia.com\/#website","url":"https:\/\/shokamia.com\/","name":"Shokamia","description":"Cannes","potentialAction":[{"@type":"SearchAction","target":{"@type":"EntryPoint","urlTemplate":"https:\/\/shokamia.com\/?s={search_term_string}"},"query-input":"required name=search_term_string"}],"inLanguage":"en-US"},{"@type":"ImageObject","@id":"https:\/\/shokamia.com\/index.php\/magnum-cake-sucettes-en-chocolat-cannes\/#primaryimage","inLanguage":"en-US","url":"https:\/\/shokamia.com\/wp-content\/uploads\/elementor\/thumbs\/fullsizeoutput_1e3d-scaled-pd1nfc5sxsh3fde3frwv849m8mcj9m3ptw2om33ckw.jpeg","contentUrl":"https:\/\/shokamia.com\/wp-content\/uploads\/elementor\/thumbs\/fullsizeoutput_1e3d-scaled-pd1nfc5sxsh3fde3frwv849m8mcj9m3ptw2om33ckw.jpeg"},{"@type":"WebPage","@id":"https:\/\/shokamia.com\/index.php\/magnum-cake-sucettes-en-chocolat-cannes\/#webpage","url":"https:\/\/shokamia.com\/index.php\/magnum-cake-sucettes-en-chocolat-cannes\/","name":"Heart cake - Shokamia","isPartOf":{"@id":"https:\/\/shokamia.com\/#website"},"primaryImageOfPage":{"@id":"https:\/\/shokamia.com\/index.php\/magnum-cake-sucettes-en-chocolat-cannes\/#primaryimage"},"datePublished":"2021-07-27T13:05:56+00:00","dateModified":"2022-01-03T13:27:27+00:00","description":"Pour vos buffets optez pour des magnums cake ou heart cake pour r\u00e9galer vos convives ! R\u00e9alis\u00e9s selon votre th\u00e8me et vos envies !","breadcrumb":{"@id":"https:\/\/shokamia.com\/index.php\/magnum-cake-sucettes-en-chocolat-cannes\/#breadcrumb"},"inLanguage":"en-US","potentialAction":[{"@type":"ReadAction","target":["https:\/\/shokamia.com\/index.php\/magnum-cake-sucettes-en-chocolat-cannes\/"]}]},{"@type":"BreadcrumbList","@id":"https:\/\/shokamia.com\/index.php\/magnum-cake-sucettes-en-chocolat-cannes\/#breadcrumb","itemListElement":[{"@type":"ListItem","position":1,"name":"Accueil","item":"https:\/\/shokamia.com\/"},{"@type":"ListItem","position":2,"name":"Heart cake"}]}]}},"_links":{"self":[{"href":"https:\/\/shokamia.com\/index.php\/wp-json\/wp\/v2\/pages\/1583"}],"collection":[{"href":"https:\/\/shokamia.com\/index.php\/wp-json\/wp\/v2\/pages"}],"about":[{"href":"https:\/\/shokamia.com\/index.php\/wp-json\/wp\/v2\/types\/page"}],"author":[{"embeddable":true,"href":"https:\/\/shokamia.com\/index.php\/wp-json\/wp\/v2\/users\/1"}],"replies":[{"embeddable":true,"href":"https:\/\/shokamia.com\/index.php\/wp-json\/wp\/v2\/comments?post=1583"}],"version-history":[{"count":74,"href":"https:\/\/shokamia.com\/index.php\/wp-json\/wp\/v2\/pages\/1583\/revisions"}],"predecessor-version":[{"id":2004,"href":"https:\/\/shokamia.com\/index.php\/wp-json\/wp\/v2\/pages\/1583\/revisions\/2004"}],"wp:attachment":[{"href":"https:\/\/shokamia.com\/index.php\/wp-json\/wp\/v2\/media?parent=1583"}],"curies":[{"name":"wp","href":"https:\/\/api.w.org\/{rel}","templated":true}]}}