{"id":1308,"date":"2019-01-23T06:32:08","date_gmt":"2019-01-23T05:32:08","guid":{"rendered":"https:\/\/shokamia.com\/index.php\/contact-us\/"},"modified":"2021-08-25T10:36:44","modified_gmt":"2021-08-25T08:36:44","slug":"coeurs-en-chocolat","status":"publish","type":"page","link":"https:\/\/shokamia.com\/index.php\/coeurs-en-chocolat\/","title":{"rendered":"Coeurs en chocolat"},"content":{"rendered":"\t\t<div data-elementor-type=\"wp-post\" data-elementor-id=\"1308\" class=\"elementor elementor-1308\" data-elementor-settings=\"[]\">\n\t\t\t\t\t\t\t<div class=\"elementor-section-wrap\">\n\t\t\t\t\t\t\t<section class=\"elementor-section elementor-top-section elementor-element elementor-element-99a5a58 elementor-section-boxed elementor-section-height-default elementor-section-height-default\" data-id=\"99a5a58\" data-element_type=\"section\">\n\t\t\t\t\t\t<div class=\"elementor-container elementor-column-gap-default\">\n\t\t\t\t\t<div class=\"elementor-column elementor-col-100 elementor-top-column elementor-element elementor-element-2a8946d\" data-id=\"2a8946d\" data-element_type=\"column\">\n\t\t\t<div class=\"elementor-widget-wrap elementor-element-populated\">\n\t\t\t\t\t\t\t\t<div class=\"elementor-element elementor-element-fd87169 elementor-widget elementor-widget-spacer\" data-id=\"fd87169\" data-element_type=\"widget\" data-widget_type=\"spacer.default\">\n\t\t\t\t<div class=\"elementor-widget-container\">\n\t\t\t\t\t<div class=\"elementor-spacer\">\n\t\t\t<div class=\"elementor-spacer-inner\"><\/div>\n\t\t<\/div>\n\t\t\t\t<\/div>\n\t\t\t\t<\/div>\n\t\t\t\t\t<\/div>\n\t\t<\/div>\n\t\t\t\t\t\t\t<\/div>\n\t\t<\/section>\n\t\t\t\t<section class=\"elementor-section elementor-top-section elementor-element elementor-element-9ff25fa elementor-section-content-middle elementor-section-boxed elementor-section-height-default elementor-section-height-default\" data-id=\"9ff25fa\" data-element_type=\"section\" data-settings=\"{&quot;background_background&quot;:&quot;classic&quot;}\">\n\t\t\t\t\t\t\t<div class=\"elementor-background-overlay\"><\/div>\n\t\t\t\t\t\t\t<div class=\"elementor-container elementor-column-gap-default\">\n\t\t\t\t\t<div class=\"elementor-column elementor-col-100 elementor-top-column elementor-element elementor-element-d301df2\" data-id=\"d301df2\" data-element_type=\"column\">\n\t\t\t<div class=\"elementor-widget-wrap\">\n\t\t\t\t\t\t\t\t\t<\/div>\n\t\t<\/div>\n\t\t\t\t\t\t\t<\/div>\n\t\t<\/section>\n\t\t\t\t<section class=\"elementor-section elementor-top-section elementor-element elementor-element-6350463 elementor-section-boxed elementor-section-height-default elementor-section-height-default\" data-id=\"6350463\" data-element_type=\"section\">\n\t\t\t\t\t\t<div class=\"elementor-container elementor-column-gap-default\">\n\t\t\t\t\t<div class=\"elementor-column elementor-col-100 elementor-top-column elementor-element elementor-element-f000992\" data-id=\"f000992\" data-element_type=\"column\">\n\t\t\t<div class=\"elementor-widget-wrap elementor-element-populated\">\n\t\t\t\t\t\t\t\t<div class=\"elementor-element elementor-element-b2f10a4 elementor-widget elementor-widget-text-editor\" data-id=\"b2f10a4\" data-element_type=\"widget\" data-widget_type=\"text-editor.default\">\n\t\t\t\t<div class=\"elementor-widget-container\">\n\t\t\t\t\t\t\t<p>\u00a0<\/p><p>Nos coeurs \u00e0 casser sont r\u00e9alis\u00e9s de fa\u00e7on artisanale dans votre atelier, selon votre demande avec du chocolat noir, au lait ou blanc.<br \/>Nous utilisons du chocolat noir \u00e0 minimum 52% de cacao et du chocolat au lait \u00e0 40% de cacao.<\/p><p>Tous les coeurs \u00e0 casser sont remplis de petits bonbons (shokobons, haribo, snickers&#8230;) mais vous pouvez \u00e9galement nous donner un petit cadeau (lettre, bijoux&#8230;) \u00e0 cacher \u00e0 l&#8217;int\u00e9rieur du coeur pour surprendre vos proches.<\/p><p>\u00a0<\/p>\t\t\t\t\t\t<\/div>\n\t\t\t\t<\/div>\n\t\t\t\t\t<\/div>\n\t\t<\/div>\n\t\t\t\t\t\t\t<\/div>\n\t\t<\/section>\n\t\t\t\t<section class=\"elementor-section elementor-top-section elementor-element elementor-element-d9d3313 elementor-section-boxed elementor-section-height-default elementor-section-height-default\" data-id=\"d9d3313\" data-element_type=\"section\">\n\t\t\t\t\t\t<div class=\"elementor-container elementor-column-gap-default\">\n\t\t\t\t\t<div class=\"elementor-column elementor-col-50 elementor-top-column elementor-element elementor-element-b8f783a\" data-id=\"b8f783a\" data-element_type=\"column\">\n\t\t\t<div class=\"elementor-widget-wrap elementor-element-populated\">\n\t\t\t\t\t\t\t\t<div class=\"elementor-element elementor-element-f7e2551 elementor-widget elementor-widget-image\" data-id=\"f7e2551\" data-element_type=\"widget\" data-widget_type=\"image.default\">\n\t\t\t\t<div class=\"elementor-widget-container\">\n\t\t\t\t\t\t\t\t\t\t\t\t\t\t\t<img src=\"https:\/\/shokamia.com\/wp-content\/uploads\/elementor\/thumbs\/250BDD0D-6CFE-4BB0-8426-9DA473A4A973-1-scaled-paoxl857f4m2s7gpxnzw7a32o3jrjl39vhs1vjx01c.jpg\" title=\"coeur choco lait &#8211; shokamia\" alt=\"coeur choco lait - shokamia\" \/>\t\t\t\t\t\t\t\t\t\t\t\t\t\t\t<\/div>\n\t\t\t\t<\/div>\n\t\t\t\t\t<\/div>\n\t\t<\/div>\n\t\t\t\t<div class=\"elementor-column elementor-col-50 elementor-top-column elementor-element elementor-element-c3c7b74\" data-id=\"c3c7b74\" data-element_type=\"column\">\n\t\t\t<div class=\"elementor-widget-wrap elementor-element-populated\">\n\t\t\t\t\t\t\t\t<div class=\"elementor-element elementor-element-609ed6e elementor-widget elementor-widget-heading\" data-id=\"609ed6e\" data-element_type=\"widget\" data-widget_type=\"heading.default\">\n\t\t\t\t<div class=\"elementor-widget-container\">\n\t\t\t<h2 class=\"elementor-heading-title elementor-size-large\">Dites le avec un coeur !<\/h2>\t\t<\/div>\n\t\t\t\t<\/div>\n\t\t\t\t<div class=\"elementor-element elementor-element-ad77473 elementor-widget elementor-widget-text-editor\" data-id=\"ad77473\" data-element_type=\"widget\" data-widget_type=\"text-editor.default\">\n\t\t\t\t<div class=\"elementor-widget-container\">\n\t\t\t\t\t\t\t<p><span style=\"font-style: inherit; font-weight: inherit;\"><br><\/span><span style=\"font-style: inherit; font-weight: inherit;\">Un d\u00e9licieux coeur en chocolat, rempli de petits bonbons, \u00e0 casser gr\u00e2ce au petit marteau livr\u00e9 avec.&nbsp;<\/span><\/p>\n<p>Enti\u00e8rement personnalisable (couleurs, texte, d\u00e9coration&#8230;).<\/p>\n<p>Un cadeau gourmand pour surprendre vos proches et&nbsp;<span style=\"font-style: inherit; font-weight: inherit;\">une id\u00e9e originale pour annoncer une bonne nouvelle (grossesse, r\u00e9ussite, invitation mariage&#8230;).<\/span><\/p>\n<p><span style=\"font-style: inherit; font-weight: inherit;\">Conservation : \u00e0 garder au frais avant la d\u00e9gustation.<br>Se conserve 48H.<\/span><\/p>\n<p><span style=\"font-style: inherit; font-weight: inherit;\">D\u00fb au chocolat : possibilit\u00e9 d&#8217;allerg\u00e8nes : arachides, fruit \u00e0 coques, soja.<\/span><\/p>\n<p><span style=\"font-style: inherit; font-weight: inherit;\">Diam\u00e8tre : 21 cm.<\/span><\/p>\n<p><\/p>\t\t\t\t\t\t<\/div>\n\t\t\t\t<\/div>\n\t\t\t\t<div class=\"elementor-element elementor-element-ddddc2b elementor-align-center elementor-widget elementor-widget-button\" data-id=\"ddddc2b\" data-element_type=\"widget\" data-widget_type=\"button.default\">\n\t\t\t\t<div class=\"elementor-widget-container\">\n\t\t\t\t\t<div class=\"elementor-button-wrapper\">\n\t\t\t<a href=\"#\" class=\"elementor-button-link elementor-button elementor-size-sm\" role=\"button\">\n\t\t\t\t\t\t<span class=\"elementor-button-content-wrapper\">\n\t\t\t\t\t\t<span class=\"elementor-button-text\">30 \u20ac<\/span>\n\t\t<\/span>\n\t\t\t\t\t<\/a>\n\t\t<\/div>\n\t\t\t\t<\/div>\n\t\t\t\t<\/div>\n\t\t\t\t\t<\/div>\n\t\t<\/div>\n\t\t\t\t\t\t\t<\/div>\n\t\t<\/section>\n\t\t\t\t<section class=\"elementor-section elementor-top-section elementor-element elementor-element-a08bae9 elementor-section-boxed elementor-section-height-default elementor-section-height-default\" data-id=\"a08bae9\" data-element_type=\"section\">\n\t\t\t\t\t\t<div class=\"elementor-container elementor-column-gap-default\">\n\t\t\t\t\t<div class=\"elementor-column elementor-col-50 elementor-top-column elementor-element elementor-element-6306c6d\" data-id=\"6306c6d\" data-element_type=\"column\">\n\t\t\t<div class=\"elementor-widget-wrap elementor-element-populated\">\n\t\t\t\t\t\t\t\t<div class=\"elementor-element elementor-element-e853b59 elementor-widget elementor-widget-heading\" data-id=\"e853b59\" data-element_type=\"widget\" data-widget_type=\"heading.default\">\n\t\t\t\t<div class=\"elementor-widget-container\">\n\t\t\t<h2 class=\"elementor-heading-title elementor-size-large\">Dites le avec un coeur... et des fleurs !<\/h2>\t\t<\/div>\n\t\t\t\t<\/div>\n\t\t\t\t<div class=\"elementor-element elementor-element-bc7fb26 elementor-widget elementor-widget-text-editor\" data-id=\"bc7fb26\" data-element_type=\"widget\" data-widget_type=\"text-editor.default\">\n\t\t\t\t<div class=\"elementor-widget-container\">\n\t\t\t\t\t\t\t<p>\u00a0<\/p><p>En plus du coeur \u00e0 casser, retrouvez entre 5 et 7 roses pour d\u00e9corer votre bo\u00eete et faire plaisir !<\/p><p>Les roses (couleur au choix) ont des tiges longues, apr\u00e8s avoir cass\u00e9 le coeur, r\u00e9cup\u00e9rez les roses pour les mettre dans un vase et les conserver plusieurs jours !<\/p><p>Le coeur est enti\u00e8rement personnalisable : \u00e0 vous de choisir, le type de chocolat, couleur, texte et d\u00e9coration !<\/p><p>L&#8217;int\u00e9rieur du coeur est rempli de bonbons type shokobons, bonbons acidul\u00e9s&#8230;<\/p><p><span style=\"font-style: inherit; font-weight: inherit;\">Se conserve 48H au frais.<\/span><\/p><p>\u00a0<\/p>\t\t\t\t\t\t<\/div>\n\t\t\t\t<\/div>\n\t\t\t\t<div class=\"elementor-element elementor-element-539c1a0 elementor-align-center elementor-widget elementor-widget-button\" data-id=\"539c1a0\" data-element_type=\"widget\" data-widget_type=\"button.default\">\n\t\t\t\t<div class=\"elementor-widget-container\">\n\t\t\t\t\t<div class=\"elementor-button-wrapper\">\n\t\t\t<a href=\"#\" class=\"elementor-button-link elementor-button elementor-size-sm\" role=\"button\">\n\t\t\t\t\t\t<span class=\"elementor-button-content-wrapper\">\n\t\t\t\t\t\t<span class=\"elementor-button-text\">40 \u20ac<\/span>\n\t\t<\/span>\n\t\t\t\t\t<\/a>\n\t\t<\/div>\n\t\t\t\t<\/div>\n\t\t\t\t<\/div>\n\t\t\t\t\t<\/div>\n\t\t<\/div>\n\t\t\t\t<div class=\"elementor-column elementor-col-50 elementor-top-column elementor-element elementor-element-ffba4c7\" data-id=\"ffba4c7\" data-element_type=\"column\">\n\t\t\t<div class=\"elementor-widget-wrap elementor-element-populated\">\n\t\t\t\t\t\t\t\t<div class=\"elementor-element elementor-element-afe5826 elementor-widget elementor-widget-image\" data-id=\"afe5826\" data-element_type=\"widget\" data-widget_type=\"image.default\">\n\t\t\t\t<div class=\"elementor-widget-container\">\n\t\t\t\t\t\t\t\t\t\t\t\t\t\t\t<img width=\"959\" height=\"1024\" src=\"https:\/\/shokamia.com\/wp-content\/uploads\/2021\/07\/fullsizeoutput_1a0d-959x1024.jpeg\" class=\"attachment-large size-large\" alt=\"\" loading=\"lazy\" \/>\t\t\t\t\t\t\t\t\t\t\t\t\t\t\t<\/div>\n\t\t\t\t<\/div>\n\t\t\t\t\t<\/div>\n\t\t<\/div>\n\t\t\t\t\t\t\t<\/div>\n\t\t<\/section>\n\t\t\t\t<section class=\"elementor-section elementor-top-section elementor-element elementor-element-c0f8831 elementor-section-boxed elementor-section-height-default elementor-section-height-default\" data-id=\"c0f8831\" data-element_type=\"section\">\n\t\t\t\t\t\t<div class=\"elementor-container elementor-column-gap-default\">\n\t\t\t\t\t<div class=\"elementor-column elementor-col-100 elementor-top-column elementor-element elementor-element-2e528c8\" data-id=\"2e528c8\" data-element_type=\"column\">\n\t\t\t<div class=\"elementor-widget-wrap elementor-element-populated\">\n\t\t\t\t\t\t\t\t<div class=\"elementor-element elementor-element-9ee10ce elementor-widget elementor-widget-spacer\" data-id=\"9ee10ce\" data-element_type=\"widget\" data-widget_type=\"spacer.default\">\n\t\t\t\t<div class=\"elementor-widget-container\">\n\t\t\t\t\t<div class=\"elementor-spacer\">\n\t\t\t<div class=\"elementor-spacer-inner\"><\/div>\n\t\t<\/div>\n\t\t\t\t<\/div>\n\t\t\t\t<\/div>\n\t\t\t\t\t<\/div>\n\t\t<\/div>\n\t\t\t\t\t\t\t<\/div>\n\t\t<\/section>\n\t\t\t\t<section class=\"elementor-section elementor-top-section elementor-element elementor-element-3fb7cd2 elementor-section-boxed elementor-section-height-default elementor-section-height-default\" data-id=\"3fb7cd2\" data-element_type=\"section\">\n\t\t\t\t\t\t<div class=\"elementor-container elementor-column-gap-default\">\n\t\t\t\t\t<div class=\"elementor-column elementor-col-100 elementor-top-column elementor-element elementor-element-e2ad09d\" data-id=\"e2ad09d\" data-element_type=\"column\">\n\t\t\t<div class=\"elementor-widget-wrap elementor-element-populated\">\n\t\t\t\t\t\t\t\t<div class=\"elementor-element elementor-element-add0f8e elementor-widget elementor-widget-heading\" data-id=\"add0f8e\" data-element_type=\"widget\" data-widget_type=\"heading.default\">\n\t\t\t\t<div class=\"elementor-widget-container\">\n\t\t\t<h2 class=\"elementor-heading-title elementor-size-large\">Quelques unes de nos r\u00e9alisations ...<\/h2>\t\t<\/div>\n\t\t\t\t<\/div>\n\t\t\t\t\t<\/div>\n\t\t<\/div>\n\t\t\t\t\t\t\t<\/div>\n\t\t<\/section>\n\t\t\t\t<section class=\"elementor-section elementor-top-section elementor-element elementor-element-a93e1e8 elementor-section-boxed elementor-section-height-default elementor-section-height-default\" data-id=\"a93e1e8\" data-element_type=\"section\">\n\t\t\t\t\t\t<div class=\"elementor-container elementor-column-gap-default\">\n\t\t\t\t\t<div class=\"elementor-column elementor-col-25 elementor-top-column elementor-element elementor-element-becab28\" data-id=\"becab28\" data-element_type=\"column\">\n\t\t\t<div class=\"elementor-widget-wrap elementor-element-populated\">\n\t\t\t\t\t\t\t\t<div class=\"elementor-element elementor-element-899c8a7 elementor-widget elementor-widget-image\" data-id=\"899c8a7\" data-element_type=\"widget\" data-widget_type=\"image.default\">\n\t\t\t\t<div class=\"elementor-widget-container\">\n\t\t\t\t\t\t\t\t\t\t\t\t\t\t\t<img src=\"https:\/\/shokamia.com\/wp-content\/uploads\/elementor\/thumbs\/fullsizeoutput_1a21-scaled-paq83ha5grr0xxcw1yiyu7ix195ibbjqihizw5070o.jpeg\" title=\"coeur mauve shokamia\" alt=\"coeur mauve shokamia\" \/>\t\t\t\t\t\t\t\t\t\t\t\t\t\t\t<\/div>\n\t\t\t\t<\/div>\n\t\t\t\t\t<\/div>\n\t\t<\/div>\n\t\t\t\t<div class=\"elementor-column elementor-col-25 elementor-top-column elementor-element elementor-element-f9b18fd\" data-id=\"f9b18fd\" data-element_type=\"column\">\n\t\t\t<div class=\"elementor-widget-wrap elementor-element-populated\">\n\t\t\t\t\t\t\t\t<div class=\"elementor-element elementor-element-dc85f99 elementor-widget elementor-widget-image\" data-id=\"dc85f99\" data-element_type=\"widget\" data-widget_type=\"image.default\">\n\t\t\t\t<div class=\"elementor-widget-container\">\n\t\t\t\t\t\t\t\t\t\t\t\t\t\t\t<img src=\"https:\/\/shokamia.com\/wp-content\/uploads\/elementor\/thumbs\/2B8BFEC8-47C1-46AC-8D39-98076C52B353-scaled-pahfratlm86wblbo0ut77h5hha1fqw9js8cpkcdevc.jpg\" title=\"newhome shokamia\" alt=\"newhome shokamia\" \/>\t\t\t\t\t\t\t\t\t\t\t\t\t\t\t<\/div>\n\t\t\t\t<\/div>\n\t\t\t\t\t<\/div>\n\t\t<\/div>\n\t\t\t\t<div class=\"elementor-column elementor-col-25 elementor-top-column elementor-element elementor-element-98ca39b\" data-id=\"98ca39b\" data-element_type=\"column\">\n\t\t\t<div class=\"elementor-widget-wrap elementor-element-populated\">\n\t\t\t\t\t\t\t\t<div class=\"elementor-element elementor-element-defc571 elementor-widget elementor-widget-image\" data-id=\"defc571\" data-element_type=\"widget\" data-widget_type=\"image.default\">\n\t\t\t\t<div class=\"elementor-widget-container\">\n\t\t\t\t\t\t\t\t\t\t\t\t\t\t\t<img src=\"https:\/\/shokamia.com\/wp-content\/uploads\/elementor\/thumbs\/Capture-de\u0301cran-2021-07-21-a\u0300-14.29.21-pafyukn8m4rhtw1oaiz3l4liim73z4mp8phm8wj3ig.png\" title=\"coeur papa shokamia\" alt=\"coeur papa shokamia\" \/>\t\t\t\t\t\t\t\t\t\t\t\t\t\t\t<\/div>\n\t\t\t\t<\/div>\n\t\t\t\t\t<\/div>\n\t\t<\/div>\n\t\t\t\t<div class=\"elementor-column elementor-col-25 elementor-top-column elementor-element elementor-element-37d130a\" data-id=\"37d130a\" data-element_type=\"column\">\n\t\t\t<div class=\"elementor-widget-wrap elementor-element-populated\">\n\t\t\t\t\t\t\t\t<div class=\"elementor-element elementor-element-b4d0fd6 elementor-widget elementor-widget-image\" data-id=\"b4d0fd6\" data-element_type=\"widget\" data-widget_type=\"image.default\">\n\t\t\t\t<div class=\"elementor-widget-container\">\n\t\t\t\t\t\t\t\t\t\t\t\t\t\t\t<img src=\"https:\/\/shokamia.com\/wp-content\/uploads\/elementor\/thumbs\/fullsizeoutput_1933-scaled-paq8fyl07ku33j896cqmy258zfmyin3fk9d3aei0eg.jpeg\" title=\"fullsizeoutput_1933\" alt=\"fullsizeoutput_1933\" \/>\t\t\t\t\t\t\t\t\t\t\t\t\t\t\t<\/div>\n\t\t\t\t<\/div>\n\t\t\t\t\t<\/div>\n\t\t<\/div>\n\t\t\t\t\t\t\t<\/div>\n\t\t<\/section>\n\t\t\t\t\t\t<\/div>\n\t\t\t\t\t<\/div>\n\t\t","protected":false},"excerpt":{"rendered":"<p>Nos coeurs \u00e0 casser sont r\u00e9alis\u00e9s de fa\u00e7on artisanale dans votre atelier, selon votre demande avec du chocolat noir, au lait ou blanc. Nous utilisons du chocolat noir \u00e0 minimum 52% de cacao et du chocolat au lait \u00e0 40% de cacao. Tous les coeurs \u00e0 casser sont remplis de petits bonbons (shokobons, haribo, snickers&#8230;) &hellip;<\/p>\n<p class=\"read-more\"> <a class=\"\" href=\"https:\/\/shokamia.com\/index.php\/coeurs-en-chocolat\/\"> <span class=\"screen-reader-text\">Coeurs en chocolat<\/span> Read More &raquo;<\/a><\/p>\n","protected":false},"author":1,"featured_media":0,"parent":0,"menu_order":0,"comment_status":"closed","ping_status":"closed","template":"","meta":[],"yoast_head":"<!-- This site is optimized with the Yoast SEO plugin v17.0 - https:\/\/yoast.com\/wordpress\/plugins\/seo\/ -->\n<title>Coeurs en chocolat - Shokamia<\/title>\n<meta name=\"description\" content=\"D\u00e9couvrez nos coeurs \u00e0 casser remplis de petits bonbons ! Enti\u00e8rement personnalisable, cassez le coeur avec le marteau pour y d\u00e9couvrir la surprise !\" \/>\n<meta name=\"robots\" content=\"index, follow, max-snippet:-1, max-image-preview:large, max-video-preview:-1\" \/>\n<link rel=\"canonical\" href=\"https:\/\/shokamia.com\/index.php\/coeurs-en-chocolat\/\" \/>\n<meta property=\"og:locale\" content=\"en_US\" \/>\n<meta property=\"og:type\" content=\"article\" \/>\n<meta property=\"og:title\" content=\"Coeurs en chocolat - Shokamia\" \/>\n<meta property=\"og:description\" content=\"D\u00e9couvrez nos coeurs \u00e0 casser remplis de petits bonbons ! Enti\u00e8rement personnalisable, cassez le coeur avec le marteau pour y d\u00e9couvrir la surprise !\" \/>\n<meta property=\"og:url\" content=\"https:\/\/shokamia.com\/index.php\/coeurs-en-chocolat\/\" \/>\n<meta property=\"og:site_name\" content=\"Shokamia\" \/>\n<meta property=\"article:modified_time\" content=\"2021-08-25T08:36:44+00:00\" \/>\n<meta property=\"og:image\" content=\"https:\/\/shokamia.com\/wp-content\/uploads\/elementor\/thumbs\/250BDD0D-6CFE-4BB0-8426-9DA473A4A973-1-scaled-paoxl857f4m2s7gpxnzw7a32o3jrjl39vhs1vjx01c.jpg\" \/>\n<meta name=\"twitter:card\" content=\"summary_large_image\" \/>\n<meta name=\"twitter:label1\" content=\"Est. reading time\" \/>\n\t<meta name=\"twitter:data1\" content=\"3 minutes\" \/>\n<script type=\"application\/ld+json\" class=\"yoast-schema-graph\">{\"@context\":\"https:\/\/schema.org\",\"@graph\":[{\"@type\":\"WebSite\",\"@id\":\"https:\/\/shokamia.com\/#website\",\"url\":\"https:\/\/shokamia.com\/\",\"name\":\"Shokamia\",\"description\":\"Cannes\",\"potentialAction\":[{\"@type\":\"SearchAction\",\"target\":{\"@type\":\"EntryPoint\",\"urlTemplate\":\"https:\/\/shokamia.com\/?s={search_term_string}\"},\"query-input\":\"required name=search_term_string\"}],\"inLanguage\":\"en-US\"},{\"@type\":\"ImageObject\",\"@id\":\"https:\/\/shokamia.com\/index.php\/coeurs-en-chocolat\/#primaryimage\",\"inLanguage\":\"en-US\",\"url\":\"https:\/\/shokamia.com\/wp-content\/uploads\/elementor\/thumbs\/250BDD0D-6CFE-4BB0-8426-9DA473A4A973-1-scaled-paoxl857f4m2s7gpxnzw7a32o3jrjl39vhs1vjx01c.jpg\",\"contentUrl\":\"https:\/\/shokamia.com\/wp-content\/uploads\/elementor\/thumbs\/250BDD0D-6CFE-4BB0-8426-9DA473A4A973-1-scaled-paoxl857f4m2s7gpxnzw7a32o3jrjl39vhs1vjx01c.jpg\"},{\"@type\":\"WebPage\",\"@id\":\"https:\/\/shokamia.com\/index.php\/coeurs-en-chocolat\/#webpage\",\"url\":\"https:\/\/shokamia.com\/index.php\/coeurs-en-chocolat\/\",\"name\":\"Coeurs en chocolat - Shokamia\",\"isPartOf\":{\"@id\":\"https:\/\/shokamia.com\/#website\"},\"primaryImageOfPage\":{\"@id\":\"https:\/\/shokamia.com\/index.php\/coeurs-en-chocolat\/#primaryimage\"},\"datePublished\":\"2019-01-23T05:32:08+00:00\",\"dateModified\":\"2021-08-25T08:36:44+00:00\",\"description\":\"D\\u00e9couvrez nos coeurs \\u00e0 casser remplis de petits bonbons ! Enti\\u00e8rement personnalisable, cassez le coeur avec le marteau pour y d\\u00e9couvrir la surprise !\",\"breadcrumb\":{\"@id\":\"https:\/\/shokamia.com\/index.php\/coeurs-en-chocolat\/#breadcrumb\"},\"inLanguage\":\"en-US\",\"potentialAction\":[{\"@type\":\"ReadAction\",\"target\":[\"https:\/\/shokamia.com\/index.php\/coeurs-en-chocolat\/\"]}]},{\"@type\":\"BreadcrumbList\",\"@id\":\"https:\/\/shokamia.com\/index.php\/coeurs-en-chocolat\/#breadcrumb\",\"itemListElement\":[{\"@type\":\"ListItem\",\"position\":1,\"name\":\"Accueil\",\"item\":\"https:\/\/shokamia.com\/\"},{\"@type\":\"ListItem\",\"position\":2,\"name\":\"Coeurs en chocolat\"}]}]}<\/script>\n<!-- \/ Yoast SEO plugin. -->","yoast_head_json":{"title":"Coeurs en chocolat - Shokamia","description":"D\u00e9couvrez nos coeurs \u00e0 casser remplis de petits bonbons ! Enti\u00e8rement personnalisable, cassez le coeur avec le marteau pour y d\u00e9couvrir la surprise !","robots":{"index":"index","follow":"follow","max-snippet":"max-snippet:-1","max-image-preview":"max-image-preview:large","max-video-preview":"max-video-preview:-1"},"canonical":"https:\/\/shokamia.com\/index.php\/coeurs-en-chocolat\/","og_locale":"en_US","og_type":"article","og_title":"Coeurs en chocolat - Shokamia","og_description":"D\u00e9couvrez nos coeurs \u00e0 casser remplis de petits bonbons ! Enti\u00e8rement personnalisable, cassez le coeur avec le marteau pour y d\u00e9couvrir la surprise !","og_url":"https:\/\/shokamia.com\/index.php\/coeurs-en-chocolat\/","og_site_name":"Shokamia","article_modified_time":"2021-08-25T08:36:44+00:00","og_image":[{"url":"https:\/\/shokamia.com\/wp-content\/uploads\/elementor\/thumbs\/250BDD0D-6CFE-4BB0-8426-9DA473A4A973-1-scaled-paoxl857f4m2s7gpxnzw7a32o3jrjl39vhs1vjx01c.jpg"}],"twitter_card":"summary_large_image","twitter_misc":{"Est. reading time":"3 minutes"},"schema":{"@context":"https:\/\/schema.org","@graph":[{"@type":"WebSite","@id":"https:\/\/shokamia.com\/#website","url":"https:\/\/shokamia.com\/","name":"Shokamia","description":"Cannes","potentialAction":[{"@type":"SearchAction","target":{"@type":"EntryPoint","urlTemplate":"https:\/\/shokamia.com\/?s={search_term_string}"},"query-input":"required name=search_term_string"}],"inLanguage":"en-US"},{"@type":"ImageObject","@id":"https:\/\/shokamia.com\/index.php\/coeurs-en-chocolat\/#primaryimage","inLanguage":"en-US","url":"https:\/\/shokamia.com\/wp-content\/uploads\/elementor\/thumbs\/250BDD0D-6CFE-4BB0-8426-9DA473A4A973-1-scaled-paoxl857f4m2s7gpxnzw7a32o3jrjl39vhs1vjx01c.jpg","contentUrl":"https:\/\/shokamia.com\/wp-content\/uploads\/elementor\/thumbs\/250BDD0D-6CFE-4BB0-8426-9DA473A4A973-1-scaled-paoxl857f4m2s7gpxnzw7a32o3jrjl39vhs1vjx01c.jpg"},{"@type":"WebPage","@id":"https:\/\/shokamia.com\/index.php\/coeurs-en-chocolat\/#webpage","url":"https:\/\/shokamia.com\/index.php\/coeurs-en-chocolat\/","name":"Coeurs en chocolat - Shokamia","isPartOf":{"@id":"https:\/\/shokamia.com\/#website"},"primaryImageOfPage":{"@id":"https:\/\/shokamia.com\/index.php\/coeurs-en-chocolat\/#primaryimage"},"datePublished":"2019-01-23T05:32:08+00:00","dateModified":"2021-08-25T08:36:44+00:00","description":"D\u00e9couvrez nos coeurs \u00e0 casser remplis de petits bonbons ! Enti\u00e8rement personnalisable, cassez le coeur avec le marteau pour y d\u00e9couvrir la surprise !","breadcrumb":{"@id":"https:\/\/shokamia.com\/index.php\/coeurs-en-chocolat\/#breadcrumb"},"inLanguage":"en-US","potentialAction":[{"@type":"ReadAction","target":["https:\/\/shokamia.com\/index.php\/coeurs-en-chocolat\/"]}]},{"@type":"BreadcrumbList","@id":"https:\/\/shokamia.com\/index.php\/coeurs-en-chocolat\/#breadcrumb","itemListElement":[{"@type":"ListItem","position":1,"name":"Accueil","item":"https:\/\/shokamia.com\/"},{"@type":"ListItem","position":2,"name":"Coeurs en chocolat"}]}]}},"_links":{"self":[{"href":"https:\/\/shokamia.com\/index.php\/wp-json\/wp\/v2\/pages\/1308"}],"collection":[{"href":"https:\/\/shokamia.com\/index.php\/wp-json\/wp\/v2\/pages"}],"about":[{"href":"https:\/\/shokamia.com\/index.php\/wp-json\/wp\/v2\/types\/page"}],"author":[{"embeddable":true,"href":"https:\/\/shokamia.com\/index.php\/wp-json\/wp\/v2\/users\/1"}],"replies":[{"embeddable":true,"href":"https:\/\/shokamia.com\/index.php\/wp-json\/wp\/v2\/comments?post=1308"}],"version-history":[{"count":29,"href":"https:\/\/shokamia.com\/index.php\/wp-json\/wp\/v2\/pages\/1308\/revisions"}],"predecessor-version":[{"id":1971,"href":"https:\/\/shokamia.com\/index.php\/wp-json\/wp\/v2\/pages\/1308\/revisions\/1971"}],"wp:attachment":[{"href":"https:\/\/shokamia.com\/index.php\/wp-json\/wp\/v2\/media?parent=1308"}],"curies":[{"name":"wp","href":"https:\/\/api.w.org\/{rel}","templated":true}]}}