{"id":1306,"date":"2019-01-23T06:31:31","date_gmt":"2019-01-23T05:31:31","guid":{"rendered":"https:\/\/shokamia.com\/index.php\/about-us\/"},"modified":"2021-08-25T10:49:25","modified_gmt":"2021-08-25T08:49:25","slug":"contact","status":"publish","type":"page","link":"https:\/\/shokamia.com\/index.php\/contact\/","title":{"rendered":"Contact"},"content":{"rendered":"\t\t<div data-elementor-type=\"wp-post\" data-elementor-id=\"1306\" class=\"elementor elementor-1306\" data-elementor-settings=\"[]\">\n\t\t\t\t\t\t\t<div class=\"elementor-section-wrap\">\n\t\t\t\t\t\t\t<section class=\"elementor-section elementor-top-section elementor-element elementor-element-6cbacd6 elementor-section-boxed elementor-section-height-default elementor-section-height-default\" data-id=\"6cbacd6\" data-element_type=\"section\">\n\t\t\t\t\t\t<div class=\"elementor-container elementor-column-gap-default\">\n\t\t\t\t\t<div class=\"elementor-column elementor-col-100 elementor-top-column elementor-element elementor-element-ac88a7e\" data-id=\"ac88a7e\" data-element_type=\"column\">\n\t\t\t<div class=\"elementor-widget-wrap elementor-element-populated\">\n\t\t\t\t\t\t\t\t<div class=\"elementor-element elementor-element-feca347 elementor-widget elementor-widget-spacer\" data-id=\"feca347\" data-element_type=\"widget\" data-widget_type=\"spacer.default\">\n\t\t\t\t<div class=\"elementor-widget-container\">\n\t\t\t\t\t<div class=\"elementor-spacer\">\n\t\t\t<div class=\"elementor-spacer-inner\"><\/div>\n\t\t<\/div>\n\t\t\t\t<\/div>\n\t\t\t\t<\/div>\n\t\t\t\t\t<\/div>\n\t\t<\/div>\n\t\t\t\t\t\t\t<\/div>\n\t\t<\/section>\n\t\t\t\t<section class=\"elementor-section elementor-top-section elementor-element elementor-element-4a5d220 elementor-section-boxed elementor-section-height-default elementor-section-height-default\" data-id=\"4a5d220\" data-element_type=\"section\">\n\t\t\t\t\t\t<div class=\"elementor-container elementor-column-gap-no\">\n\t\t\t\t\t<div class=\"elementor-column elementor-col-33 elementor-top-column elementor-element elementor-element-737ec4c\" data-id=\"737ec4c\" data-element_type=\"column\">\n\t\t\t<div class=\"elementor-widget-wrap elementor-element-populated\">\n\t\t\t\t\t\t\t\t<div class=\"elementor-element elementor-element-a37e1f6 elementor-widget elementor-widget-image\" data-id=\"a37e1f6\" data-element_type=\"widget\" data-widget_type=\"image.default\">\n\t\t\t\t<div class=\"elementor-widget-container\">\n\t\t\t\t\t\t\t\t\t\t\t\t\t\t\t<img src=\"https:\/\/shokamia.com\/wp-content\/uploads\/elementor\/thumbs\/SHOKAMIA-CANNES-1-1-parun8lg8vj7zfehe81ot5yh5furdyrx7c3eoeuqbc.png\" title=\"SHOKAMIA CANNES (1)\" alt=\"SHOKAMIA CANNES (1)\" \/>\t\t\t\t\t\t\t\t\t\t\t\t\t\t\t<\/div>\n\t\t\t\t<\/div>\n\t\t\t\t\t<\/div>\n\t\t<\/div>\n\t\t\t\t<div class=\"elementor-column elementor-col-66 elementor-top-column elementor-element elementor-element-e6bc9af\" data-id=\"e6bc9af\" data-element_type=\"column\">\n\t\t\t<div class=\"elementor-widget-wrap elementor-element-populated\">\n\t\t\t\t\t\t\t\t<div class=\"elementor-element elementor-element-3ca05ed elementor-widget elementor-widget-heading\" data-id=\"3ca05ed\" data-element_type=\"widget\" data-widget_type=\"heading.default\">\n\t\t\t\t<div class=\"elementor-widget-container\">\n\t\t\t<h2 class=\"elementor-heading-title elementor-size-default\">A propos de nous <\/h2>\t\t<\/div>\n\t\t\t\t<\/div>\n\t\t\t\t<div class=\"elementor-element elementor-element-8bf9f70 elementor-widget elementor-widget-text-editor\" data-id=\"8bf9f70\" data-element_type=\"widget\" data-widget_type=\"text-editor.default\">\n\t\t\t\t<div class=\"elementor-widget-container\">\n\t\t\t\t\t\t\t<p>\u00c9v\u00e8nements, mariage, anniversaire, cadeaux entreprise, fian\u00e7ailles, buffet, baby shower, bapt\u00e8me&#8230; toutes les occasions sont bonnes pour se r\u00e9galer et faire plaisir \u00e0 ses proches!<\/p><p>Depuis notre atelier \u00e0 Cannes, nous r\u00e9alisons vos commandes sur mesure !\u00a0<\/p><p>Vous choisissez le type de chocolat (noir , lait ou blanc) les couleurs souhait\u00e9es, les toppings, le texte, le th\u00e8me&#8230; et nous r\u00e9alisons vos gourmandises.<\/p><p>Aucune commande n&#8217;est identique, tout est personnalisable et r\u00e9alis\u00e9 dans des d\u00e9lais courts.<\/p><p>Vous avez une id\u00e9e bien pr\u00e9cise ou au contraire vous avez besoin de conseils?\u00a0<\/p><p>Contactez nous : nous vous aiderons \u00e0 r\u00e9ussir votre \u00e9v\u00e8nement !<\/p>\t\t\t\t\t\t<\/div>\n\t\t\t\t<\/div>\n\t\t\t\t\t<\/div>\n\t\t<\/div>\n\t\t\t\t\t\t\t<\/div>\n\t\t<\/section>\n\t\t\t\t<section class=\"elementor-section elementor-top-section elementor-element elementor-element-a400379 elementor-section-content-middle elementor-section-boxed elementor-section-height-default elementor-section-height-default\" data-id=\"a400379\" data-element_type=\"section\" data-settings=\"{&quot;background_background&quot;:&quot;classic&quot;}\">\n\t\t\t\t\t\t<div class=\"elementor-container elementor-column-gap-no\">\n\t\t\t\t\t<div class=\"elementor-column elementor-col-50 elementor-top-column elementor-element elementor-element-3c0b9c7\" data-id=\"3c0b9c7\" data-element_type=\"column\">\n\t\t\t<div class=\"elementor-widget-wrap elementor-element-populated\">\n\t\t\t\t\t\t\t\t<div class=\"elementor-element elementor-element-7a15c66 elementor-widget elementor-widget-heading\" data-id=\"7a15c66\" data-element_type=\"widget\" data-widget_type=\"heading.default\">\n\t\t\t\t<div class=\"elementor-widget-container\">\n\t\t\t<h2 class=\"elementor-heading-title elementor-size-default\">Dites nous ce qui vous ferait plaisir<\/h2>\t\t<\/div>\n\t\t\t\t<\/div>\n\t\t\t\t<div class=\"elementor-element elementor-element-f0de41b elementor-widget elementor-widget-text-editor\" data-id=\"f0de41b\" data-element_type=\"widget\" data-widget_type=\"text-editor.default\">\n\t\t\t\t<div class=\"elementor-widget-container\">\n\t\t\t\t\t\t\t<div role=\"form\" class=\"wpcf7\" id=\"wpcf7-f5-o1\" lang=\"fr-FR\" dir=\"ltr\">\n<div class=\"screen-reader-response\"><p role=\"status\" aria-live=\"polite\" aria-atomic=\"true\"><\/p> <ul><\/ul><\/div>\n<form action=\"\/index.php\/wp-json\/wp\/v2\/pages\/1306#wpcf7-f5-o1\" method=\"post\" class=\"wpcf7-form init\" novalidate=\"novalidate\" data-status=\"init\">\n<div style=\"display: none;\">\n<input type=\"hidden\" name=\"_wpcf7\" value=\"5\" \/>\n<input type=\"hidden\" name=\"_wpcf7_version\" value=\"5.4.2\" \/>\n<input type=\"hidden\" name=\"_wpcf7_locale\" value=\"fr_FR\" \/>\n<input type=\"hidden\" name=\"_wpcf7_unit_tag\" value=\"wpcf7-f5-o1\" \/>\n<input type=\"hidden\" name=\"_wpcf7_container_post\" value=\"0\" \/>\n<input type=\"hidden\" name=\"_wpcf7_posted_data_hash\" value=\"\" \/>\n<\/div>\n<p><label> Votre nom *<br \/>\n    <span class=\"wpcf7-form-control-wrap your-name\"><input type=\"text\" name=\"your-name\" value=\"\" size=\"40\" class=\"wpcf7-form-control wpcf7-text wpcf7-validates-as-required\" aria-required=\"true\" aria-invalid=\"false\" \/><\/span> <\/label><\/p>\n<p><label> Votre num\u00e9ro de t\u00e9l\u00e9phone<br \/>\n<span class=\"wpcf7-form-control-wrap tel-351\"><input type=\"tel\" name=\"tel-351\" value=\"\" size=\"40\" class=\"wpcf7-form-control wpcf7-text wpcf7-tel wpcf7-validates-as-tel\" aria-invalid=\"false\" \/><\/span><\/label><\/p>\n<p><label> Votre e-mail *<br \/>\n    <span class=\"wpcf7-form-control-wrap your-email\"><input type=\"email\" name=\"your-email\" value=\"\" size=\"40\" class=\"wpcf7-form-control wpcf7-text wpcf7-email wpcf7-validates-as-required wpcf7-validates-as-email\" aria-required=\"true\" aria-invalid=\"false\" \/><\/span> <\/label><\/p>\n<p><label> Votre message<br \/>\n    <span class=\"wpcf7-form-control-wrap your-message\"><textarea name=\"your-message\" cols=\"40\" rows=\"10\" class=\"wpcf7-form-control wpcf7-textarea wpcf7-validates-as-required\" aria-required=\"true\" aria-invalid=\"false\"><\/textarea><\/span> <\/label><\/p>\n<p><input type=\"submit\" value=\"Envoyer\" class=\"wpcf7-form-control wpcf7-submit\" \/><\/p>\n<div class=\"wpcf7-response-output\" aria-hidden=\"true\"><\/div><\/form><\/div>\t\t\t\t\t\t<\/div>\n\t\t\t\t<\/div>\n\t\t\t\t\t<\/div>\n\t\t<\/div>\n\t\t\t\t<div class=\"elementor-column elementor-col-50 elementor-top-column elementor-element elementor-element-c9222c3\" data-id=\"c9222c3\" data-element_type=\"column\">\n\t\t\t<div class=\"elementor-widget-wrap elementor-element-populated\">\n\t\t\t\t\t\t\t\t<div class=\"elementor-element elementor-element-7e489a2 elementor-widget elementor-widget-heading\" data-id=\"7e489a2\" data-element_type=\"widget\" data-widget_type=\"heading.default\">\n\t\t\t\t<div class=\"elementor-widget-container\">\n\t\t\t<h2 class=\"elementor-heading-title elementor-size-default\">Comment passer commande ?<\/h2>\t\t<\/div>\n\t\t\t\t<\/div>\n\t\t\t\t<div class=\"elementor-element elementor-element-b2657e0 elementor-widget elementor-widget-text-editor\" data-id=\"b2657e0\" data-element_type=\"widget\" data-widget_type=\"text-editor.default\">\n\t\t\t\t<div class=\"elementor-widget-container\">\n\t\t\t\t\t\t\t<p>Ecrivez nous via notre formulaire de contact, ou par t\u00e9l\u00e9phone 07.80.98.73.73.<br \/>Nous n&#8217;avons pas de showroom, nous fabriquons dans notre atelier vos coeurs \u00e0 casser, fraises en chocolat et buffets sucr\u00e9s.<\/p><p>Les commandes sont \u00e0 retirer \u00e0 Cannes.<br \/><span style=\"font-style: inherit; font-weight: inherit;\">Nous pouvons vous livrer gratuitement sur Cannes \/ Mandelieu \/ Le Cannet \u00e0 partir de 30\u20ac.<\/span><\/p>\t\t\t\t\t\t<\/div>\n\t\t\t\t<\/div>\n\t\t\t\t<div class=\"elementor-element elementor-element-79dcae4 elementor-view-default elementor-widget elementor-widget-icon\" data-id=\"79dcae4\" data-element_type=\"widget\" data-widget_type=\"icon.default\">\n\t\t\t\t<div class=\"elementor-widget-container\">\n\t\t\t\t\t<div class=\"elementor-icon-wrapper\">\n\t\t\t<div class=\"elementor-icon\">\n\t\t\t<i aria-hidden=\"true\" class=\"fas fa-envelope-open-text\"><\/i>\t\t\t<\/div>\n\t\t<\/div>\n\t\t\t\t<\/div>\n\t\t\t\t<\/div>\n\t\t\t\t\t<\/div>\n\t\t<\/div>\n\t\t\t\t\t\t\t<\/div>\n\t\t<\/section>\n\t\t\t\t<section class=\"elementor-section elementor-top-section elementor-element elementor-element-eb0270b elementor-section-boxed elementor-section-height-default elementor-section-height-default\" data-id=\"eb0270b\" data-element_type=\"section\">\n\t\t\t\t\t\t<div class=\"elementor-container elementor-column-gap-default\">\n\t\t\t\t\t<div class=\"elementor-column elementor-col-50 elementor-top-column elementor-element elementor-element-dac4a36\" data-id=\"dac4a36\" data-element_type=\"column\">\n\t\t\t<div class=\"elementor-widget-wrap elementor-element-populated\">\n\t\t\t\t\t\t\t\t<div class=\"elementor-element elementor-element-c3564ef elementor-widget elementor-widget-text-editor\" data-id=\"c3564ef\" data-element_type=\"widget\" data-widget_type=\"text-editor.default\">\n\t\t\t\t<div class=\"elementor-widget-container\">\n\t\t\t\t\t\t\t<p>\u00c9crivez nous ! \ud83d\ude42<\/p>\t\t\t\t\t\t<\/div>\n\t\t\t\t<\/div>\n\t\t\t\t\t<\/div>\n\t\t<\/div>\n\t\t\t\t<div class=\"elementor-column elementor-col-50 elementor-top-column elementor-element elementor-element-672162a\" data-id=\"672162a\" data-element_type=\"column\">\n\t\t\t<div class=\"elementor-widget-wrap elementor-element-populated\">\n\t\t\t\t\t\t\t\t<div class=\"elementor-element elementor-element-20ba190 elementor-widget elementor-widget-text-editor\" data-id=\"20ba190\" data-element_type=\"widget\" data-widget_type=\"text-editor.default\">\n\t\t\t\t<div class=\"elementor-widget-container\">\n\t\t\t\t\t\t\t<p><br \/>07.80.98.73.73<br \/>Par MP @shokamia<\/p>\t\t\t\t\t\t<\/div>\n\t\t\t\t<\/div>\n\t\t\t\t\t<\/div>\n\t\t<\/div>\n\t\t\t\t\t\t\t<\/div>\n\t\t<\/section>\n\t\t\t\t<section class=\"elementor-section elementor-top-section elementor-element elementor-element-a83921c elementor-section-boxed elementor-section-height-default elementor-section-height-default\" data-id=\"a83921c\" data-element_type=\"section\">\n\t\t\t\t\t\t<div class=\"elementor-container elementor-column-gap-default\">\n\t\t\t\t\t<div class=\"elementor-column elementor-col-100 elementor-top-column elementor-element elementor-element-319dc4f\" data-id=\"319dc4f\" data-element_type=\"column\">\n\t\t\t<div class=\"elementor-widget-wrap\">\n\t\t\t\t\t\t\t\t\t<\/div>\n\t\t<\/div>\n\t\t\t\t\t\t\t<\/div>\n\t\t<\/section>\n\t\t\t\t\t\t<\/div>\n\t\t\t\t\t<\/div>\n\t\t","protected":false},"excerpt":{"rendered":"<p>A propos de nous \u00c9v\u00e8nements, mariage, anniversaire, cadeaux entreprise, fian\u00e7ailles, buffet, baby shower, bapt\u00e8me&#8230; toutes les occasions sont bonnes pour se r\u00e9galer et faire plaisir \u00e0 ses proches! Depuis notre atelier \u00e0 Cannes, nous r\u00e9alisons vos commandes sur mesure !&nbsp; Vous choisissez le type de chocolat (noir , lait ou blanc) les couleurs souhait\u00e9es, les &hellip;<\/p>\n<p class=\"read-more\"> <a class=\"\" href=\"https:\/\/shokamia.com\/index.php\/contact\/\"> <span class=\"screen-reader-text\">Contact<\/span> Read More &raquo;<\/a><\/p>\n","protected":false},"author":1,"featured_media":0,"parent":0,"menu_order":0,"comment_status":"closed","ping_status":"closed","template":"","meta":[],"yoast_head":"<!-- This site is optimized with the Yoast SEO plugin v17.0 - https:\/\/yoast.com\/wordpress\/plugins\/seo\/ -->\n<title>Contact - Shokamia<\/title>\n<meta name=\"description\" content=\"Fraises en chocolat, coeurs \u00e0 casser, magnum cake, sabl\u00e9s d\u00e9cor\u00e9s, sucettes... contactez nous !\" \/>\n<meta name=\"robots\" content=\"index, follow, max-snippet:-1, max-image-preview:large, max-video-preview:-1\" \/>\n<link rel=\"canonical\" href=\"https:\/\/shokamia.com\/index.php\/contact\/\" \/>\n<meta property=\"og:locale\" content=\"en_US\" \/>\n<meta property=\"og:type\" content=\"article\" \/>\n<meta property=\"og:title\" content=\"Contact - Shokamia\" \/>\n<meta property=\"og:description\" content=\"Fraises en chocolat, coeurs \u00e0 casser, magnum cake, sabl\u00e9s d\u00e9cor\u00e9s, sucettes... contactez nous !\" \/>\n<meta property=\"og:url\" content=\"https:\/\/shokamia.com\/index.php\/contact\/\" \/>\n<meta property=\"og:site_name\" content=\"Shokamia\" \/>\n<meta property=\"article:modified_time\" content=\"2021-08-25T08:49:25+00:00\" \/>\n<meta property=\"og:image\" content=\"https:\/\/shokamia.com\/wp-content\/uploads\/elementor\/thumbs\/SHOKAMIA-CANNES-1-1-parun8lg8vj7zfehe81ot5yh5furdyrx7c3eoeuqbc.png\" \/>\n<meta name=\"twitter:card\" content=\"summary_large_image\" \/>\n<meta name=\"twitter:label1\" content=\"Est. reading time\" \/>\n\t<meta name=\"twitter:data1\" content=\"1 minute\" \/>\n<script type=\"application\/ld+json\" class=\"yoast-schema-graph\">{\"@context\":\"https:\/\/schema.org\",\"@graph\":[{\"@type\":\"WebSite\",\"@id\":\"https:\/\/shokamia.com\/#website\",\"url\":\"https:\/\/shokamia.com\/\",\"name\":\"Shokamia\",\"description\":\"Cannes\",\"potentialAction\":[{\"@type\":\"SearchAction\",\"target\":{\"@type\":\"EntryPoint\",\"urlTemplate\":\"https:\/\/shokamia.com\/?s={search_term_string}\"},\"query-input\":\"required name=search_term_string\"}],\"inLanguage\":\"en-US\"},{\"@type\":\"ImageObject\",\"@id\":\"https:\/\/shokamia.com\/index.php\/contact\/#primaryimage\",\"inLanguage\":\"en-US\",\"url\":\"https:\/\/shokamia.com\/wp-content\/uploads\/elementor\/thumbs\/SHOKAMIA-CANNES-1-1-parun8lg8vj7zfehe81ot5yh5furdyrx7c3eoeuqbc.png\",\"contentUrl\":\"https:\/\/shokamia.com\/wp-content\/uploads\/elementor\/thumbs\/SHOKAMIA-CANNES-1-1-parun8lg8vj7zfehe81ot5yh5furdyrx7c3eoeuqbc.png\"},{\"@type\":\"WebPage\",\"@id\":\"https:\/\/shokamia.com\/index.php\/contact\/#webpage\",\"url\":\"https:\/\/shokamia.com\/index.php\/contact\/\",\"name\":\"Contact - Shokamia\",\"isPartOf\":{\"@id\":\"https:\/\/shokamia.com\/#website\"},\"primaryImageOfPage\":{\"@id\":\"https:\/\/shokamia.com\/index.php\/contact\/#primaryimage\"},\"datePublished\":\"2019-01-23T05:31:31+00:00\",\"dateModified\":\"2021-08-25T08:49:25+00:00\",\"description\":\"Fraises en chocolat, coeurs \\u00e0 casser, magnum cake, sabl\\u00e9s d\\u00e9cor\\u00e9s, sucettes... contactez nous !\",\"breadcrumb\":{\"@id\":\"https:\/\/shokamia.com\/index.php\/contact\/#breadcrumb\"},\"inLanguage\":\"en-US\",\"potentialAction\":[{\"@type\":\"ReadAction\",\"target\":[\"https:\/\/shokamia.com\/index.php\/contact\/\"]}]},{\"@type\":\"BreadcrumbList\",\"@id\":\"https:\/\/shokamia.com\/index.php\/contact\/#breadcrumb\",\"itemListElement\":[{\"@type\":\"ListItem\",\"position\":1,\"name\":\"Accueil\",\"item\":\"https:\/\/shokamia.com\/\"},{\"@type\":\"ListItem\",\"position\":2,\"name\":\"Contact\"}]}]}<\/script>\n<!-- \/ Yoast SEO plugin. -->","yoast_head_json":{"title":"Contact - Shokamia","description":"Fraises en chocolat, coeurs \u00e0 casser, magnum cake, sabl\u00e9s d\u00e9cor\u00e9s, sucettes... contactez nous !","robots":{"index":"index","follow":"follow","max-snippet":"max-snippet:-1","max-image-preview":"max-image-preview:large","max-video-preview":"max-video-preview:-1"},"canonical":"https:\/\/shokamia.com\/index.php\/contact\/","og_locale":"en_US","og_type":"article","og_title":"Contact - Shokamia","og_description":"Fraises en chocolat, coeurs \u00e0 casser, magnum cake, sabl\u00e9s d\u00e9cor\u00e9s, sucettes... contactez nous !","og_url":"https:\/\/shokamia.com\/index.php\/contact\/","og_site_name":"Shokamia","article_modified_time":"2021-08-25T08:49:25+00:00","og_image":[{"url":"https:\/\/shokamia.com\/wp-content\/uploads\/elementor\/thumbs\/SHOKAMIA-CANNES-1-1-parun8lg8vj7zfehe81ot5yh5furdyrx7c3eoeuqbc.png"}],"twitter_card":"summary_large_image","twitter_misc":{"Est. reading time":"1 minute"},"schema":{"@context":"https:\/\/schema.org","@graph":[{"@type":"WebSite","@id":"https:\/\/shokamia.com\/#website","url":"https:\/\/shokamia.com\/","name":"Shokamia","description":"Cannes","potentialAction":[{"@type":"SearchAction","target":{"@type":"EntryPoint","urlTemplate":"https:\/\/shokamia.com\/?s={search_term_string}"},"query-input":"required name=search_term_string"}],"inLanguage":"en-US"},{"@type":"ImageObject","@id":"https:\/\/shokamia.com\/index.php\/contact\/#primaryimage","inLanguage":"en-US","url":"https:\/\/shokamia.com\/wp-content\/uploads\/elementor\/thumbs\/SHOKAMIA-CANNES-1-1-parun8lg8vj7zfehe81ot5yh5furdyrx7c3eoeuqbc.png","contentUrl":"https:\/\/shokamia.com\/wp-content\/uploads\/elementor\/thumbs\/SHOKAMIA-CANNES-1-1-parun8lg8vj7zfehe81ot5yh5furdyrx7c3eoeuqbc.png"},{"@type":"WebPage","@id":"https:\/\/shokamia.com\/index.php\/contact\/#webpage","url":"https:\/\/shokamia.com\/index.php\/contact\/","name":"Contact - Shokamia","isPartOf":{"@id":"https:\/\/shokamia.com\/#website"},"primaryImageOfPage":{"@id":"https:\/\/shokamia.com\/index.php\/contact\/#primaryimage"},"datePublished":"2019-01-23T05:31:31+00:00","dateModified":"2021-08-25T08:49:25+00:00","description":"Fraises en chocolat, coeurs \u00e0 casser, magnum cake, sabl\u00e9s d\u00e9cor\u00e9s, sucettes... contactez nous !","breadcrumb":{"@id":"https:\/\/shokamia.com\/index.php\/contact\/#breadcrumb"},"inLanguage":"en-US","potentialAction":[{"@type":"ReadAction","target":["https:\/\/shokamia.com\/index.php\/contact\/"]}]},{"@type":"BreadcrumbList","@id":"https:\/\/shokamia.com\/index.php\/contact\/#breadcrumb","itemListElement":[{"@type":"ListItem","position":1,"name":"Accueil","item":"https:\/\/shokamia.com\/"},{"@type":"ListItem","position":2,"name":"Contact"}]}]}},"_links":{"self":[{"href":"https:\/\/shokamia.com\/index.php\/wp-json\/wp\/v2\/pages\/1306"}],"collection":[{"href":"https:\/\/shokamia.com\/index.php\/wp-json\/wp\/v2\/pages"}],"about":[{"href":"https:\/\/shokamia.com\/index.php\/wp-json\/wp\/v2\/types\/page"}],"author":[{"embeddable":true,"href":"https:\/\/shokamia.com\/index.php\/wp-json\/wp\/v2\/users\/1"}],"replies":[{"embeddable":true,"href":"https:\/\/shokamia.com\/index.php\/wp-json\/wp\/v2\/comments?post=1306"}],"version-history":[{"count":60,"href":"https:\/\/shokamia.com\/index.php\/wp-json\/wp\/v2\/pages\/1306\/revisions"}],"predecessor-version":[{"id":1972,"href":"https:\/\/shokamia.com\/index.php\/wp-json\/wp\/v2\/pages\/1306\/revisions\/1972"}],"wp:attachment":[{"href":"https:\/\/shokamia.com\/index.php\/wp-json\/wp\/v2\/media?parent=1306"}],"curies":[{"name":"wp","href":"https:\/\/api.w.org\/{rel}","templated":true}]}}